{"id":1104,"date":"2023-02-15T12:48:21","date_gmt":"2023-02-15T11:48:21","guid":{"rendered":"https:\/\/aerolab.mpch.info\/?page_id=1104"},"modified":"2023-03-30T06:43:04","modified_gmt":"2023-03-30T04:43:04","slug":"verification-des-generateurs-daerosols","status":"publish","type":"page","link":"https:\/\/aerolab.mpch.info\/index.php\/nos-prestations\/verification-des-generateurs-daerosols\/","title":{"rendered":"V\u00e9rification des g\u00e9n\u00e9rateurs d\u2019a\u00e9rosols"},"content":{"rendered":"\t\t<div data-elementor-type=\"wp-page\" data-elementor-id=\"1104\" class=\"elementor elementor-1104\" data-elementor-post-type=\"page\">\n\t\t\t\t\t\t\t\t\t<section class=\"elementor-section elementor-top-section elementor-element elementor-element-340c6f6 elementor-section-boxed elementor-section-height-default elementor-section-height-default\" data-id=\"340c6f6\" data-element_type=\"section\">\n\t\t\t\t\t\t<div class=\"elementor-container elementor-column-gap-default\">\n\t\t\t\t\t<div class=\"elementor-column elementor-col-50 elementor-top-column elementor-element elementor-element-9f5ffa4\" data-id=\"9f5ffa4\" data-element_type=\"column\">\n\t\t\t<div class=\"elementor-widget-wrap elementor-element-populated\">\n\t\t\t\t\t\t\t\t<div class=\"elementor-element elementor-element-3ae0a52 elementor-widget elementor-widget-image\" data-id=\"3ae0a52\" data-element_type=\"widget\" data-settings=\"{&quot;motion_fx_motion_fx_scrolling&quot;:&quot;yes&quot;,&quot;motion_fx_translateX_effect&quot;:&quot;yes&quot;,&quot;motion_fx_translateX_affectedRange&quot;:{&quot;unit&quot;:&quot;%&quot;,&quot;size&quot;:&quot;&quot;,&quot;sizes&quot;:{&quot;start&quot;:16,&quot;end&quot;:47}},&quot;motion_fx_opacity_effect&quot;:&quot;yes&quot;,&quot;motion_fx_opacity_range&quot;:{&quot;unit&quot;:&quot;%&quot;,&quot;size&quot;:&quot;&quot;,&quot;sizes&quot;:{&quot;start&quot;:20,&quot;end&quot;:48}},&quot;motion_fx_blur_effect&quot;:&quot;yes&quot;,&quot;motion_fx_blur_range&quot;:{&quot;unit&quot;:&quot;%&quot;,&quot;size&quot;:&quot;&quot;,&quot;sizes&quot;:{&quot;start&quot;:20,&quot;end&quot;:45}},&quot;motion_fx_translateX_speed&quot;:{&quot;unit&quot;:&quot;px&quot;,&quot;size&quot;:4,&quot;sizes&quot;:[]},&quot;motion_fx_opacity_direction&quot;:&quot;out-in&quot;,&quot;motion_fx_opacity_level&quot;:{&quot;unit&quot;:&quot;px&quot;,&quot;size&quot;:10,&quot;sizes&quot;:[]},&quot;motion_fx_blur_direction&quot;:&quot;out-in&quot;,&quot;motion_fx_blur_level&quot;:{&quot;unit&quot;:&quot;px&quot;,&quot;size&quot;:7,&quot;sizes&quot;:[]},&quot;motion_fx_devices&quot;:[&quot;desktop&quot;,&quot;tablet&quot;,&quot;mobile&quot;]}\" data-widget_type=\"image.default\">\n\t\t\t\t<div class=\"elementor-widget-container\">\n\t\t\t<style>\/*! elementor - v3.18.0 - 20-12-2023 *\/\n.elementor-widget-image{text-align:center}.elementor-widget-image a{display:inline-block}.elementor-widget-image a img[src$=\".svg\"]{width:48px}.elementor-widget-image img{vertical-align:middle;display:inline-block}<\/style>\t\t\t\t\t\t\t\t\t\t\t\t<img fetchpriority=\"high\" decoding=\"async\" width=\"400\" height=\"400\" src=\"https:\/\/aerolab.mpch.info\/wp-content\/uploads\/2023\/03\/generateur-daerosol-concept-vicount.jpg\" class=\"attachment-large size-large wp-image-1359\" alt=\"\" srcset=\"https:\/\/aerolab.mpch.info\/wp-content\/uploads\/2023\/03\/generateur-daerosol-concept-vicount.jpg 400w, https:\/\/aerolab.mpch.info\/wp-content\/uploads\/2023\/03\/generateur-daerosol-concept-vicount-300x300.jpg 300w, https:\/\/aerolab.mpch.info\/wp-content\/uploads\/2023\/03\/generateur-daerosol-concept-vicount-150x150.jpg 150w\" sizes=\"(max-width: 400px) 100vw, 400px\" \/>\t\t\t\t\t\t\t\t\t\t\t\t\t\t\t<\/div>\n\t\t\t\t<\/div>\n\t\t\t\t\t<\/div>\n\t\t<\/div>\n\t\t\t\t<div class=\"elementor-column elementor-col-50 elementor-top-column elementor-element elementor-element-ec3f83e\" data-id=\"ec3f83e\" data-element_type=\"column\">\n\t\t\t<div class=\"elementor-widget-wrap elementor-element-populated\">\n\t\t\t\t\t\t\t\t<div class=\"elementor-element elementor-element-04e72fb elementor-widget elementor-widget-heading\" data-id=\"04e72fb\" data-element_type=\"widget\" data-widget_type=\"heading.default\">\n\t\t\t\t<div class=\"elementor-widget-container\">\n\t\t\t<style>\/*! elementor - v3.18.0 - 20-12-2023 *\/\n.elementor-heading-title{padding:0;margin:0;line-height:1}.elementor-widget-heading .elementor-heading-title[class*=elementor-size-]>a{color:inherit;font-size:inherit;line-height:inherit}.elementor-widget-heading .elementor-heading-title.elementor-size-small{font-size:15px}.elementor-widget-heading .elementor-heading-title.elementor-size-medium{font-size:19px}.elementor-widget-heading .elementor-heading-title.elementor-size-large{font-size:29px}.elementor-widget-heading .elementor-heading-title.elementor-size-xl{font-size:39px}.elementor-widget-heading .elementor-heading-title.elementor-size-xxl{font-size:59px}<\/style><h3 class=\"elementor-heading-title elementor-size-default\">Equipements \u00e9talonn\u00e9s<\/h3>\t\t<\/div>\n\t\t\t\t<\/div>\n\t\t\t\t<div class=\"elementor-element elementor-element-99601ce elementor-widget elementor-widget-tp-style-list\" data-id=\"99601ce\" data-element_type=\"widget\" data-widget_type=\"tp-style-list.default\">\n\t\t\t\t<div class=\"elementor-widget-container\">\n\t\t\t\t\t\n\t\t\t\t\n\t\t\t\t\t\t<div class=\"plus-bg-hover-effect\">\n\t\t\t\t<div class=\"hover-item-content elementor-repeater-item-9200ebb active \"><\/div>\t\t\t\t<\/div>\n\t\t\t\t\t<div class=\"plus-stylist-list-wrapper  hover-inverse-effect-global hover-essais \"  data-hover-inverse=\"hover-essais\" data-layout=\"{&quot;desktop&quot;:&quot;default&quot;,&quot;tablet&quot;:&quot;default&quot;,&quot;mobile&quot;:&quot;default&quot;}\" >\n\t\t\t\n\t\t<ul class=\"plus-icon-list-items d-flex-center\">\n\t\t\t\t\t\t\t<li id=\"tooltip6a01cfc7337b7\" class=\"plus-icon-list-item elementor-repeater-item-9200ebb   active\" data-local=\"true\" >\t\t\t\t\n\t\t\t\t\n\t\t\t\t\t\t\t\t\t\t\t<div class=\"plus-icon-list-icon \"> \n\t\t\t\t\t\t\t\t\t\t\t\t\t\t\t\t<i class=\"fa fa-check\" aria-hidden=\"true\"><\/i>\n\t\t\t\t\t\t\t\t\t\t\t\t\t\t<\/div>\n\t\t\t\t\t\n\t\t\t\t\t<div class=\"plus-icon-list-text \" >\n\t\t\t\t\t\tG\u00e9n\u00e9rateurs d\u2019a\u00e9rosols de toutes marques et tous mod\u00e8les\t\t\t\t\t<\/div>\n\n\t\t\t\t\t\t\t\t\t<\/li>\n\t\t\t\t\t\t<\/ul>\n\t\t\t\t<\/div>\t\t\n\t\t<style>body.hover-stylist-global .hover-inverse-effect-global.hover-essais .on-hover .plus-icon-list-item{opacity:0.6;}<\/style>\t\t<\/div>\n\t\t\t\t<\/div>\n\t\t\t\t<div class=\"elementor-element elementor-element-8b05fa2 elementor-widget elementor-widget-heading\" data-id=\"8b05fa2\" data-element_type=\"widget\" data-widget_type=\"heading.default\">\n\t\t\t\t<div class=\"elementor-widget-container\">\n\t\t\t<h3 class=\"elementor-heading-title elementor-size-default\">Prestations r\u00e9alis\u00e9es<\/h3>\t\t<\/div>\n\t\t\t\t<\/div>\n\t\t\t\t<div class=\"elementor-element elementor-element-3206644 elementor-widget elementor-widget-tp-style-list\" data-id=\"3206644\" data-element_type=\"widget\" data-widget_type=\"tp-style-list.default\">\n\t\t\t\t<div class=\"elementor-widget-container\">\n\t\t\t\t\t\n\t\t\t\t\n\t\t\t\t\t\t<div class=\"plus-bg-hover-effect\">\n\t\t\t\t<div class=\"hover-item-content elementor-repeater-item-9200ebb active \"><\/div><div class=\"hover-item-content elementor-repeater-item-ebef111  \"><\/div>\t\t\t\t<\/div>\n\t\t\t\t\t<div class=\"plus-stylist-list-wrapper  hover-inverse-effect-global hover-essais \"  data-hover-inverse=\"hover-essais\" data-layout=\"{&quot;desktop&quot;:&quot;default&quot;,&quot;tablet&quot;:&quot;default&quot;,&quot;mobile&quot;:&quot;default&quot;}\" >\n\t\t\t\n\t\t<ul class=\"plus-icon-list-items d-flex-center\">\n\t\t\t\t\t\t\t<li id=\"tooltip6a01cfc7346d9\" class=\"plus-icon-list-item elementor-repeater-item-9200ebb   active\" data-local=\"true\" >\t\t\t\t\n\t\t\t\t\n\t\t\t\t\t\t\t\t\t\t\t<div class=\"plus-icon-list-icon \"> \n\t\t\t\t\t\t\t\t\t\t\t\t\t\t\t\t<i class=\"fa fa-check\" aria-hidden=\"true\"><\/i>\n\t\t\t\t\t\t\t\t\t\t\t\t\t\t<\/div>\n\t\t\t\t\t\n\t\t\t\t\t<div class=\"plus-icon-list-text \" >\n\t\t\t\t\t\tD\u00e9termination du diam\u00e8tre m\u00e9dian en masse\t\t\t\t\t<\/div>\n\n\t\t\t\t\t\t\t\t\t<\/li>\n\t\t\t\t\t\t\t\t<li id=\"tooltip6a01cfc734712\" class=\"plus-icon-list-item elementor-repeater-item-ebef111   \" data-local=\"true\" >\t\t\t\t\n\t\t\t\t\n\t\t\t\t\t\t\t\t\t\t\t<div class=\"plus-icon-list-icon \"> \n\t\t\t\t\t\t\t\t\t\t\t\t\t\t\t\t<i class=\"fa fa-check\" aria-hidden=\"true\"><\/i>\n\t\t\t\t\t\t\t\t\t\t\t\t\t\t<\/div>\n\t\t\t\t\t\n\t\t\t\t\t<div class=\"plus-icon-list-text \" >\n\t\t\t\t\t\t<p>D\u00e9termination de l\u2019\u00e9cart type g\u00e9om\u00e9trique<\/p>\t\t\t\t\t<\/div>\n\n\t\t\t\t\t\t\t\t\t<\/li>\n\t\t\t\t\t\t<\/ul>\n\t\t\t\t<\/div>\t\t\n\t\t<style>body.hover-stylist-global .hover-inverse-effect-global.hover-essais .on-hover .plus-icon-list-item{opacity:0.6;}<\/style>\t\t<\/div>\n\t\t\t\t<\/div>\n\t\t\t\t\t<\/div>\n\t\t<\/div>\n\t\t\t\t\t\t\t<\/div>\n\t\t<\/section>\n\t\t\t\t\t\t\t<\/div>\n\t\t","protected":false},"excerpt":{"rendered":"<p>Equipements \u00e9talonn\u00e9s G\u00e9n\u00e9rateurs d\u2019a\u00e9rosols de toutes marques et tous mod\u00e8les Prestations r\u00e9alis\u00e9es D\u00e9termination du diam\u00e8tre m\u00e9dian en masse D\u00e9termination de l\u2019\u00e9cart type g\u00e9om\u00e9trique<\/p>\n","protected":false},"author":1,"featured_media":1296,"parent":20,"menu_order":0,"comment_status":"closed","ping_status":"closed","template":"","meta":{"footnotes":""},"categories":[9],"tags":[],"class_list":["post-1104","page","type-page","status-publish","has-post-thumbnail","hentry","category-prestations"],"acf":[],"_links":{"self":[{"href":"https:\/\/aerolab.mpch.info\/index.php\/wp-json\/wp\/v2\/pages\/1104","targetHints":{"allow":["GET"]}}],"collection":[{"href":"https:\/\/aerolab.mpch.info\/index.php\/wp-json\/wp\/v2\/pages"}],"about":[{"href":"https:\/\/aerolab.mpch.info\/index.php\/wp-json\/wp\/v2\/types\/page"}],"author":[{"embeddable":true,"href":"https:\/\/aerolab.mpch.info\/index.php\/wp-json\/wp\/v2\/users\/1"}],"replies":[{"embeddable":true,"href":"https:\/\/aerolab.mpch.info\/index.php\/wp-json\/wp\/v2\/comments?post=1104"}],"version-history":[{"count":17,"href":"https:\/\/aerolab.mpch.info\/index.php\/wp-json\/wp\/v2\/pages\/1104\/revisions"}],"predecessor-version":[{"id":1362,"href":"https:\/\/aerolab.mpch.info\/index.php\/wp-json\/wp\/v2\/pages\/1104\/revisions\/1362"}],"up":[{"embeddable":true,"href":"https:\/\/aerolab.mpch.info\/index.php\/wp-json\/wp\/v2\/pages\/20"}],"wp:featuredmedia":[{"embeddable":true,"href":"https:\/\/aerolab.mpch.info\/index.php\/wp-json\/wp\/v2\/media\/1296"}],"wp:attachment":[{"href":"https:\/\/aerolab.mpch.info\/index.php\/wp-json\/wp\/v2\/media?parent=1104"}],"wp:term":[{"taxonomy":"category","embeddable":true,"href":"https:\/\/aerolab.mpch.info\/index.php\/wp-json\/wp\/v2\/categories?post=1104"},{"taxonomy":"post_tag","embeddable":true,"href":"https:\/\/aerolab.mpch.info\/index.php\/wp-json\/wp\/v2\/tags?post=1104"}],"curies":[{"name":"wp","href":"https:\/\/api.w.org\/{rel}","templated":true}]}}